{"id":4400,"date":"2021-10-12T15:51:09","date_gmt":"2021-10-12T15:51:09","guid":{"rendered":"http:\/\/dummy.xtemos.com\/woodmart2\/elementor\/?page_id=4400"},"modified":"2022-02-02T12:01:48","modified_gmt":"2022-02-02T12:01:48","slug":"sitio-web-y-presencia-online","status":"publish","type":"page","link":"https:\/\/david-crespo.com\/kitdigital\/sitio-web-y-presencia-online\/","title":{"rendered":"Sitio web y presencia online"},"content":{"rendered":"\t\t<div data-elementor-type=\"wp-page\" data-elementor-id=\"4400\" class=\"elementor elementor-4400\" data-elementor-settings=\"[]\">\n\t\t\t\t\t\t\t<div class=\"elementor-section-wrap\">\n\t\t\t\t\t\t\t<section class=\"elementor-section elementor-top-section elementor-element elementor-element-30f4b337 elementor-section-content-middle wd-section-stretch elementor-section-boxed elementor-section-height-default elementor-section-height-default\" data-id=\"30f4b337\" data-element_type=\"section\" data-settings=\"{&quot;background_background&quot;:&quot;classic&quot;}\">\n\t\t\t\t\t\t<div class=\"elementor-container elementor-column-gap-extended\">\n\t\t\t\t\t<div class=\"elementor-column elementor-col-50 elementor-top-column elementor-element elementor-element-709130a2\" data-id=\"709130a2\" data-element_type=\"column\">\n\t\t\t<div class=\"elementor-widget-wrap elementor-element-populated\">\n\t\t\t\t\t\t\t\t<div class=\"elementor-element elementor-element-de6816b elementor-widget elementor-widget-wd_title\" data-id=\"de6816b\" data-element_type=\"widget\" data-widget_type=\"wd_title.default\">\n\t\t\t\t<div class=\"elementor-widget-container\">\n\t\t\t\t\t<div class=\"title-wrapper set-mb-s reset-last-child wd-title-color-primary wd-title-style-default wd-title-size-large text-left\">\n\n\t\t\t\t\t\t\t<div class=\"title-subtitle subtitle-color-primary subtitle-style-default wd-fontsize-xs\">\n\t\t\t\t\tServicio subvencionado por  Kit Digital\t\t\t\t<\/div>\n\t\t\t\n\t\t\t<div class=\"liner-continer\">\n\t\t\t\t<h4 class=\"woodmart-title-container title wd-fontsize-xxl\">Sitio Web y Presencia en Internet <\/h4> \n\t\t\t\t\t\t\t<\/div>\n\n\t\t\t\t\t<\/div>\n\t\t\t\t<\/div>\n\t\t\t\t<\/div>\n\t\t\t\t\t<\/div>\n\t\t<\/div>\n\t\t\t\t<div class=\"elementor-column elementor-col-50 elementor-top-column elementor-element elementor-element-52737e3b\" data-id=\"52737e3b\" data-element_type=\"column\">\n\t\t\t<div class=\"elementor-widget-wrap elementor-element-populated\">\n\t\t\t\t\t\t\t\t<div class=\"elementor-element elementor-element-1cde49f0 elementor-widget elementor-widget-wd_infobox\" data-id=\"1cde49f0\" data-element_type=\"widget\" data-widget_type=\"wd_infobox.default\">\n\t\t\t\t<div class=\"elementor-widget-container\">\n\t\t\t\t\t<div class=\"info-box-wrapper\">\n\t\t\t<div class=\"wd-info-box text-left box-icon-align-top box-style-base color-scheme- box-title-default woodmart-info-box cursor-pointer\" onclick=\"window.location.href='#'\">\n\t\t\t\t\n\t\t\t\t<div class=\"info-box-content\">\n\t\t\t\t\t\n\t\t\t\t\t\t\t\t\t\t\t<h4\t\t\t\t\t\tclass=\"info-box-title title box-title-style-default wd-fontsize-m\" data-elementor-setting-key=\"title\">\n\t\t\t\t\t\t\t\tObjetivo:\t\t\t\t\t\t<\/h4>\n\t\t\t\t\t\n\t\t\t\t\t<div class=\"info-box-inner set-cont-mb-s reset-last-child\"\n\t\t\t\t\t\t data-elementor-setting-key=\"content\">\n\t\t\t\t\t\t<p>Expansi\u00f3n de la presencia en internet de la pyme mediante la creaci\u00f3n de una p\u00e1gina web y\/o la prestaci\u00f3n de servicios que proporcionen posicionamiento b\u00e1sico en internet.<\/p>\n<p><span style=\"color: #0000ff;\"><strong>Importe de la subvenci\u00f3n: 2.000\u20ac<\/strong><\/span><\/p>\n\t\t\t\t\t<\/div>\n\t\n\t\t\t\t\t\t\t\t\t<\/div>\n\t\t\t<\/div>\n\t\t<\/div>\n\t\t\t\t<\/div>\n\t\t\t\t<\/div>\n\t\t\t\t\t<\/div>\n\t\t<\/div>\n\t\t\t\t\t\t\t<\/div>\n\t\t<\/section>\n\t\t\t\t<section class=\"elementor-section elementor-top-section elementor-element elementor-element-3c548bca elementor-reverse-tablet elementor-reverse-mobile elementor-section-boxed elementor-section-height-default elementor-section-height-default wd-section-disabled\" data-id=\"3c548bca\" data-element_type=\"section\">\n\t\t\t\t\t\t<div class=\"elementor-container elementor-column-gap-default\">\n\t\t\t\t\t<div class=\"elementor-column elementor-col-50 elementor-top-column elementor-element elementor-element-1d354ed7\" data-id=\"1d354ed7\" data-element_type=\"column\">\n\t\t\t<div class=\"elementor-widget-wrap elementor-element-populated\">\n\t\t\t\t\t\t\t\t<div class=\"elementor-element elementor-element-3b8f1c6 elementor-widget elementor-widget-wd_image_or_svg\" data-id=\"3b8f1c6\" data-element_type=\"widget\" data-widget_type=\"wd_image_or_svg.default\">\n\t\t\t\t<div class=\"elementor-widget-container\">\n\t\t\t\n\t\t<div class=\"wd-image text-left\">\n\t\t\t\t\t\t\t\t<img loading=\"lazy\" decoding=\"async\" width=\"580\" height=\"580\" src=\"https:\/\/david-crespo.com\/kitdigital\/wp-content\/themes\/woodmart\/images\/lazy.png\" class=\"attachment-full size-full wd-lazy-load woodmart-lazy-load wd-lazy-fade\" alt=\"\" srcset=\"\" sizes=\"(max-width: 580px) 100vw, 580px\" data-wood-src=\"https:\/\/david-crespo.com\/kitdigital\/wp-content\/uploads\/2022\/01\/Diseno-web-posicionamiento-google-y-alojamiento-web-y-correos.jpg\" data-srcset=\"https:\/\/david-crespo.com\/kitdigital\/wp-content\/uploads\/2022\/01\/Diseno-web-posicionamiento-google-y-alojamiento-web-y-correos.jpg 580w, https:\/\/david-crespo.com\/kitdigital\/wp-content\/uploads\/2022\/01\/Diseno-web-posicionamiento-google-y-alojamiento-web-y-correos-300x300.jpg 300w, https:\/\/david-crespo.com\/kitdigital\/wp-content\/uploads\/2022\/01\/Diseno-web-posicionamiento-google-y-alojamiento-web-y-correos-150x150.jpg 150w\" \/>\t\t\t\t\t<\/div>\n\n\t\t\t\t<\/div>\n\t\t\t\t<\/div>\n\t\t\t\t\t<\/div>\n\t\t<\/div>\n\t\t\t\t<div class=\"elementor-column elementor-col-50 elementor-top-column elementor-element elementor-element-7a9daa7\" data-id=\"7a9daa7\" data-element_type=\"column\">\n\t\t\t<div class=\"elementor-widget-wrap elementor-element-populated\">\n\t\t\t\t\t\t\t\t<div class=\"elementor-element elementor-element-18566191 elementor-widget elementor-widget-wd_title\" data-id=\"18566191\" data-element_type=\"widget\" data-widget_type=\"wd_title.default\">\n\t\t\t\t<div class=\"elementor-widget-container\">\n\t\t\t\t\t<div class=\"title-wrapper set-mb-s reset-last-child wd-title-color-primary wd-title-style-default wd-title-size-large text-left\">\n\n\t\t\t\t\t\t\t<div class=\"title-subtitle subtitle-color-primary subtitle-style-default wd-fontsize-xs\">\n\t\t\t\t\tRequisitos m\u00ednimos que debe cumplir el servicio:\t\t\t\t<\/div>\n\t\t\t\n\t\t\t<div class=\"liner-continer\">\n\t\t\t\t<h4 class=\"woodmart-title-container title wd-fontsize-xxl\">Funcionalidades y servicios<\/h4> \n\t\t\t\t\t\t\t<\/div>\n\n\t\t\t\t\t\t\t<div class=\"title-after_title set-cont-mb-s reset-last-child wd-fontsize-s\">\n\t\t\t\t\t<p>\u2013 <strong>Dominio<\/strong>: alta de nuevo dominio para la pyme beneficiaria durante un plazo m\u00ednimo de doce meses. La titularidad del dominio ser\u00e1 en su totalidad de la pyme.<\/p><p>\u2013\u2002<strong>Hosting<\/strong>: alojamiento de la p\u00e1gina web desarrollada durante un plazo m\u00ednimo de doce meses.<\/p><p>\u2013 <strong>Dise\u00f1o de la p\u00e1gina web<\/strong>: estructura web con un m\u00ednimo de 3 p\u00e1ginas o apartados. Se consideran p\u00e1ginas o apartados de una web, elementos tales como: p\u00e1gina de inicio (Landing Page), presentaci\u00f3n de la empresa, formulario de contacto, descripci\u00f3n de productos, datos de contacto, mapa del sitio (sitemap), etc.<\/p><p>\u2013 <strong>Web responsive<\/strong>: las p\u00e1ginas web dise\u00f1adas deben adaptarse para ser funcionales en todo tipo de dispositivos.<\/p><p>\u2013 <strong>Accesibilidad<\/strong>: el dise\u00f1o debe cumplir con criterios de conformidad de nivel AA de las Pautas WCAG-2.1.<\/p>\t\t\t\t<\/div>\n\t\t\t\t\t<\/div>\n\t\t\t\t<\/div>\n\t\t\t\t<\/div>\n\t\t\t\t\t<\/div>\n\t\t<\/div>\n\t\t\t\t\t\t\t<\/div>\n\t\t<\/section>\n\t\t\t\t<section class=\"elementor-section elementor-top-section elementor-element elementor-element-3380726 elementor-reverse-tablet elementor-reverse-mobile elementor-section-boxed elementor-section-height-default elementor-section-height-default wd-section-disabled\" data-id=\"3380726\" data-element_type=\"section\">\n\t\t\t\t\t\t<div class=\"elementor-container elementor-column-gap-default\">\n\t\t\t\t\t<div class=\"elementor-column elementor-col-100 elementor-top-column elementor-element elementor-element-e470d9c\" data-id=\"e470d9c\" data-element_type=\"column\">\n\t\t\t<div class=\"elementor-widget-wrap elementor-element-populated\">\n\t\t\t\t\t\t\t\t<div class=\"elementor-element elementor-element-b03511c elementor-widget elementor-widget-wd_title\" data-id=\"b03511c\" data-element_type=\"widget\" data-widget_type=\"wd_title.default\">\n\t\t\t\t<div class=\"elementor-widget-container\">\n\t\t\t\t\t<div class=\"title-wrapper set-mb-s reset-last-child wd-title-color-primary wd-title-style-default wd-title-size-large text-left\">\n\n\t\t\t\n\t\t\t<div class=\"liner-continer\">\n\t\t\t\t<h4 class=\"woodmart-title-container title wd-fontsize-xxl\"><\/h4> \n\t\t\t\t\t\t\t<\/div>\n\n\t\t\t\t\t\t\t<div class=\"title-after_title set-cont-mb-s reset-last-child wd-fontsize-s\">\n\t\t\t\t\t<p><span style=\"font-size: 16px\">\u2013 <\/span><strong>Autogestionable<\/strong><span style=\"font-size: 16px\">: se deber\u00e1 proveer una plataforma de gesti\u00f3n de contenidos para el beneficiario, de manera que sea aut\u00f3nomo a la hora de modificar el contenido de sus p\u00e1ginas web, sin la necesidad de recurrir al soporte de la empresa proveedora.<\/span><br><\/p><p>\u2013 <strong>Posicionamiento b\u00e1sico en internet<\/strong>: Posicionamiento de la informaci\u00f3n b\u00e1sica del negocio, contacto y perfil de la empresa en los principales sites, redes de negocio o directorios de empresas y profesionales.<\/p><p><br>\u2013 <strong>Optimizaci\u00f3n de la presencia en buscadores (SEO b\u00e1sico)<\/strong>: An\u00e1lisis de palabras clave, SEO On-Page de 2 p\u00e1ginas o apartados, indexaci\u00f3n y jerarquizaci\u00f3n del contenido.<\/p>\t\t\t\t<\/div>\n\t\t\t\t\t<\/div>\n\t\t\t\t<\/div>\n\t\t\t\t<\/div>\n\t\t\t\t\t<\/div>\n\t\t<\/div>\n\t\t\t\t\t\t\t<\/div>\n\t\t<\/section>\n\t\t\t\t<section class=\"elementor-section elementor-top-section elementor-element elementor-element-c045d95 elementor-section-boxed elementor-section-height-default elementor-section-height-default wd-section-disabled\" data-id=\"c045d95\" data-element_type=\"section\">\n\t\t\t\t\t\t<div class=\"elementor-container elementor-column-gap-default\">\n\t\t\t\t\t<div class=\"elementor-column elementor-col-100 elementor-top-column elementor-element elementor-element-2f06ca9\" data-id=\"2f06ca9\" data-element_type=\"column\">\n\t\t\t<div class=\"elementor-widget-wrap elementor-element-populated\">\n\t\t\t\t\t\t\t\t<div class=\"elementor-element elementor-element-ffa1682 elementor-widget elementor-widget-wd_title\" data-id=\"ffa1682\" data-element_type=\"widget\" data-widget_type=\"wd_title.default\">\n\t\t\t\t<div class=\"elementor-widget-container\">\n\t\t\t\t\t<div class=\"title-wrapper set-mb-s reset-last-child wd-title-color-primary wd-title-style-default wd-title-size-large text-center\">\n\n\t\t\t\t\t\t\t<div class=\"title-subtitle subtitle-color-primary subtitle-style-default wd-fontsize-xs\">\n\t\t\t\t\tMe encargar\u00e9 de realizar un servicio adaptado a las necesidades de su empresa (cumpliendo con los requisitos m\u00ednimos del programa), independientemente de su sector de actividad o tama\u00f1o de empresa, y en todo el territorio nacional.<br><br><br \/>\n<span style=\"font-family: Inter, Arial, Helvetica, sans-serif;font-size: 16px;font-style: normal;font-weight: 400;text-align: left\">El precio de estos servicios depender\u00e1 de las especificaciones t\u00e9cnicas que requieran sus proyectos (tanto a nivel de web: qu\u00e9 tipo de programaci\u00f3n se utiliza (WordPress, Joomla, programaci\u00f3n a medida....; idiomas; etc), donde establecemos un rango de precios desde los 900-2.500\u20ac por el desarrollo, y un rango entre los 350\u20ac-500\u20ac anuales por su mantenimiento); como a nivel de acciones a realizar para el posicionamiento en buscadores, donde establecemos un rango entre los 2.00\u20ac-3.500\u20ac anuales dependiendo de la cantidad acciones a realizar).<\/span>\t\t\t\t<\/div>\n\t\t\t\n\t\t\t<div class=\"liner-continer\">\n\t\t\t\t<h4 class=\"woodmart-title-container title wd-fontsize-xxl\"><\/h4> \n\t\t\t\t\t\t\t<\/div>\n\n\t\t\t\t\t<\/div>\n\t\t\t\t<\/div>\n\t\t\t\t<\/div>\n\t\t\t\t\t<\/div>\n\t\t<\/div>\n\t\t\t\t\t\t\t<\/div>\n\t\t<\/section>\n\t\t\t\t\t\t<\/div>\n\t\t\t\t\t<\/div>\n\t\t","protected":false},"excerpt":{"rendered":"<p>Servicio subvencionado por Kit Digital Sitio Web y Presencia en Internet Objetivo: Expansi\u00f3n de la presencia en internet de la<\/p>\n","protected":false},"author":1,"featured_media":0,"parent":0,"menu_order":0,"comment_status":"closed","ping_status":"closed","template":"","meta":{"footnotes":""},"_links":{"self":[{"href":"https:\/\/david-crespo.com\/kitdigital\/wp-json\/wp\/v2\/pages\/4400"}],"collection":[{"href":"https:\/\/david-crespo.com\/kitdigital\/wp-json\/wp\/v2\/pages"}],"about":[{"href":"https:\/\/david-crespo.com\/kitdigital\/wp-json\/wp\/v2\/types\/page"}],"author":[{"embeddable":true,"href":"https:\/\/david-crespo.com\/kitdigital\/wp-json\/wp\/v2\/users\/1"}],"replies":[{"embeddable":true,"href":"https:\/\/david-crespo.com\/kitdigital\/wp-json\/wp\/v2\/comments?post=4400"}],"version-history":[{"count":52,"href":"https:\/\/david-crespo.com\/kitdigital\/wp-json\/wp\/v2\/pages\/4400\/revisions"}],"predecessor-version":[{"id":8938,"href":"https:\/\/david-crespo.com\/kitdigital\/wp-json\/wp\/v2\/pages\/4400\/revisions\/8938"}],"wp:attachment":[{"href":"https:\/\/david-crespo.com\/kitdigital\/wp-json\/wp\/v2\/media?parent=4400"}],"curies":[{"name":"wp","href":"https:\/\/api.w.org\/{rel}","templated":true}]}}